{"id":1925,"date":"2025-06-03T10:44:19","date_gmt":"2025-06-03T08:44:19","guid":{"rendered":"https:\/\/sportowakultura.pl\/?page_id=1925"},"modified":"2025-06-03T10:44:20","modified_gmt":"2025-06-03T08:44:20","slug":"jozef-kaluza","status":"publish","type":"page","link":"https:\/\/sportowakultura.pl\/index.php\/jozef-kaluza\/","title":{"rendered":"J\u00f3zef Ka\u0142u\u017ca &#8211; Legenda wiecznie \u017cywa"},"content":{"rendered":"\n<figure class=\"wp-block-embed is-type-video is-provider-youtube wp-block-embed-youtube wp-embed-aspect-16-9 wp-has-aspect-ratio\"><div class=\"wp-block-embed__wrapper\">\n<iframe loading=\"lazy\" title=\"J\u00f3zef Ka\u0142u\u017ca - Legenda wiecznie \u017cywa\" width=\"658\" height=\"370\" src=\"https:\/\/www.youtube.com\/embed\/HciFJqlYuto?feature=oembed\" frameborder=\"0\" allow=\"accelerometer; autoplay; clipboard-write; encrypted-media; gyroscope; picture-in-picture; web-share\" referrerpolicy=\"strict-origin-when-cross-origin\" allowfullscreen><\/iframe>\n<\/div><\/figure>\n","protected":false},"excerpt":{"rendered":"","protected":false},"author":1,"featured_media":0,"parent":0,"menu_order":0,"comment_status":"closed","ping_status":"closed","template":"","meta":{"footnotes":""},"class_list":["post-1925","page","type-page","status-publish","hentry"],"_links":{"self":[{"href":"https:\/\/sportowakultura.pl\/index.php\/wp-json\/wp\/v2\/pages\/1925","targetHints":{"allow":["GET"]}}],"collection":[{"href":"https:\/\/sportowakultura.pl\/index.php\/wp-json\/wp\/v2\/pages"}],"about":[{"href":"https:\/\/sportowakultura.pl\/index.php\/wp-json\/wp\/v2\/types\/page"}],"author":[{"embeddable":true,"href":"https:\/\/sportowakultura.pl\/index.php\/wp-json\/wp\/v2\/users\/1"}],"replies":[{"embeddable":true,"href":"https:\/\/sportowakultura.pl\/index.php\/wp-json\/wp\/v2\/comments?post=1925"}],"version-history":[{"count":1,"href":"https:\/\/sportowakultura.pl\/index.php\/wp-json\/wp\/v2\/pages\/1925\/revisions"}],"predecessor-version":[{"id":1926,"href":"https:\/\/sportowakultura.pl\/index.php\/wp-json\/wp\/v2\/pages\/1925\/revisions\/1926"}],"wp:attachment":[{"href":"https:\/\/sportowakultura.pl\/index.php\/wp-json\/wp\/v2\/media?parent=1925"}],"curies":[{"name":"wp","href":"https:\/\/api.w.org\/{rel}","templated":true}]}}